{"id":2381,"date":"2020-11-12T10:08:58","date_gmt":"2020-11-12T09:08:58","guid":{"rendered":"https:\/\/www.delforge.com\/ons-huis\/"},"modified":"2026-03-01T14:23:06","modified_gmt":"2026-03-01T13:23:06","slug":"ons-huis","status":"publish","type":"page","link":"https:\/\/www.delforge.com\/nl\/ons-huis\/","title":{"rendered":"Ons huis"},"content":{"rendered":"<p>[et_pb_section fb_built=&#8221;1&#8243; fullwidth=&#8221;on&#8221; module_id=&#8221;qw-maison-header&#8221; module_class=&#8221;qw_90_page_with_header&#8221; _builder_version=&#8221;4.20.4&#8243; _module_preset=&#8221;default&#8221; background_image=&#8221;https:\/\/www.delforge.com\/wp-content\/uploads\/2026\/03\/facade_de_la_parfumerie.jpg&#8221; parallax=&#8221;on&#8221; parallax_method=&#8221;off&#8221; custom_margin=&#8221;||||false|false&#8221; custom_padding=&#8221;||||false|false&#8221; hover_enabled=&#8221;0&#8243; custom_css_main_element=&#8221;display: flex;||align-items: center;&#8221; global_colors_info=&#8221;{}&#8221; title_text=&#8221;facade_de_la_parfumerie&#8221; sticky_enabled=&#8221;0&#8243;][et_pb_fullwidth_header title=&#8221;Ons huis&#8221; subhead=&#8221;maak kennis met de wereld van guy delforge&#8221; _builder_version=&#8221;4.16&#8243; _module_preset=&#8221;default&#8221; title_font=&#8221;||||||||&#8221; title_letter_spacing=&#8221;5px&#8221; subhead_font=&#8221;Alegreya Sans SC|300|||||||&#8221; subhead_font_size=&#8221;17px&#8221; subhead_letter_spacing=&#8221;2px&#8221; background_enable_color=&#8221;off&#8221; global_colors_info=&#8221;{}&#8221;][\/et_pb_fullwidth_header][\/et_pb_section][et_pb_section fb_built=&#8221;1&#8243; module_id=&#8221;section-2&#8243; _builder_version=&#8221;4.16&#8243; _module_preset=&#8221;default&#8221; module_alignment=&#8221;center&#8221; custom_margin=&#8221;|0px||0px|false|false&#8221; custom_padding=&#8221;100px|0px||0px|false|false&#8221; global_colors_info=&#8221;{}&#8221;][et_pb_row column_structure=&#8221;1_2,1_2&#8243; make_equal=&#8221;on&#8221; module_class=&#8221;divi-s divi-s-1&#8243; _builder_version=&#8221;4.16&#8243; _module_preset=&#8221;default&#8221; width=&#8221;100%&#8221; max_width=&#8221;2560px&#8221; custom_margin=&#8221;||||false|false&#8221; custom_padding=&#8221;||100px|5%|false|false&#8221; global_colors_info=&#8221;{}&#8221;][et_pb_column type=&#8221;1_2&#8243; _builder_version=&#8221;4.16&#8243; _module_preset=&#8221;default&#8221; global_colors_info=&#8221;{}&#8221;][et_pb_text _builder_version=&#8221;4.16&#8243; _module_preset=&#8221;default&#8221; header_2_font=&#8221;||||||||&#8221; header_2_font_size=&#8221;22px&#8221; header_2_letter_spacing=&#8221;6px&#8221; header_2_line_height=&#8221;1.3em&#8221; header_4_font=&#8221;Alegreya Sans SC|||||on|||&#8221; header_4_text_color=&#8221;#484848&#8243; header_4_font_size=&#8221;26px&#8221; header_4_letter_spacing=&#8221;4px&#8221; header_4_line_height=&#8221;1.3em&#8221; custom_margin=&#8221;||15px||false|false&#8221; custom_padding=&#8221;|50px|0px|30px|false|false&#8221; global_colors_info=&#8221;{}&#8221;]<\/p>\n<h4 class=\"qw-title-underline\">In dit atelier, uniek in Belgi\u00eb, worden parfums ontworpen, gecre\u00eberd en geproduceerd<\/h4>\n<p>[\/et_pb_text][et_pb_text _builder_version=&#8221;4.16&#8243; _module_preset=&#8221;default&#8221; text_font=&#8221;Alegreya Sans|300|||||||&#8221; text_text_color=&#8221;#323232&#8243; text_letter_spacing=&#8221;1px&#8221; text_line_height=&#8221;1.9em&#8221; header_font=&#8221;||||||||&#8221; header_text_align=&#8221;left&#8221; background_color=&#8221;rgba(0,0,0,0)&#8221; width=&#8221;100%&#8221; custom_margin=&#8221;||||false|false&#8221; custom_padding=&#8221;|10%||30px|true|false&#8221; scroll_vertical_motion=&#8221;0|50|50|100|0.5|0|-0.5&#8243; custom_css_main_element=&#8221;height:100%;&#8221; global_colors_info=&#8221;{}&#8221;]<\/p>\n<p>Het atelier van de Parfumerie Delforge is een uitzonderlijke plek in Belgi\u00eb waar de verschillende fasen van de creatie tot de productie van een parfum zich voltrekken. Etherische oli\u00ebn van fruit, bloemen, hout en kruiden liggen er te wachten. Ons vakmanschap schuilt in het subtiel associ\u00ebren en combineren van ingredi\u00ebnten, gebaseerd op zorgvuldig bewaarde geheimen.<\/p>\n<p>[\/et_pb_text][\/et_pb_column][et_pb_column type=&#8221;1_2&#8243; _builder_version=&#8221;4.16&#8243; _module_preset=&#8221;default&#8221; global_colors_info=&#8221;{}&#8221;][et_pb_image src=&#8221;https:\/\/www.delforge.com\/wp-content\/uploads\/2020\/10\/scelleuse-a-flacon.jpg&#8221; title_text=&#8221;scelleuse-a-flacon&#8221; _builder_version=&#8221;4.16&#8243; _module_preset=&#8221;default&#8221; global_colors_info=&#8221;{}&#8221;][\/et_pb_image][\/et_pb_column][\/et_pb_row][et_pb_row column_structure=&#8221;1_2,1_2&#8243; module_class=&#8221;divi-s divi-s-2&#8243; _builder_version=&#8221;4.16&#8243; _module_preset=&#8221;default&#8221; width=&#8221;100%&#8221; max_width=&#8221;2560px&#8221; custom_margin=&#8221;||||false|false&#8221; custom_padding=&#8221;|5%||5%|false|false&#8221; global_colors_info=&#8221;{}&#8221;][et_pb_column type=&#8221;1_2&#8243; _builder_version=&#8221;4.16&#8243; _module_preset=&#8221;default&#8221; global_colors_info=&#8221;{}&#8221;][et_pb_code _builder_version=&#8221;4.16&#8243; _module_preset=&#8221;default&#8221; global_colors_info=&#8221;{}&#8221;]<\/p>\n<div class=\"qw-gallery qw-gallery--maison\"><!-- [et_pb_line_break_holder] -->    <\/p>\n<figure class=\"qw-gallery__item qw-gallery__item--2\"><!-- [et_pb_line_break_holder] -->        <img decoding=\"async\" src=\"https:\/\/www.delforge.com\/wp-content\/uploads\/2020\/09\/touries-510x382.jpg\" alt=\"Gallery image 2\" class=\"qw-gallery__img\" loading=lazy><!-- [et_pb_line_break_holder] -->    <\/figure>\n<p><!-- [et_pb_line_break_holder] -->    <\/p>\n<figure class=\"qw-gallery__item qw-gallery__item--3\"><!-- [et_pb_line_break_holder] -->        <img decoding=\"async\" src=\"https:\/\/www.delforge.com\/wp-content\/uploads\/2020\/10\/amorce-des-parfums-510x382.jpg\" style=\"filter:grayscale(100%);\" alt=\"Gallery image 3\" class=\"qw-gallery__img\" loading=lazy><!-- [et_pb_line_break_holder] -->    <\/figure>\n<p><!-- [et_pb_line_break_holder] -->    <\/p>\n<figure class=\"qw-gallery__item qw-gallery__item--4\"><!-- [et_pb_line_break_holder] -->        <img decoding=\"async\" src=\"https:\/\/www.delforge.com\/wp-content\/uploads\/2020\/10\/remplissage-des-touries.jpg\"  alt=\"Gallery image 4\" class=\"qw-gallery__img\" loading=lazy><!-- [et_pb_line_break_holder] -->    <\/figure>\n<p><!-- [et_pb_line_break_holder] --><\/div>\n<p>[\/et_pb_code][\/et_pb_column][et_pb_column type=&#8221;1_2&#8243; _builder_version=&#8221;4.16&#8243; _module_preset=&#8221;default&#8221; global_colors_info=&#8221;{}&#8221;][et_pb_text module_class=&#8221;qw-offset-frame qw-offset-frame&#8211;left&#8221; _builder_version=&#8221;4.16&#8243; _module_preset=&#8221;default&#8221; text_font=&#8221;Alegreya Sans|300|||||||&#8221; text_text_color=&#8221;#323232&#8243; text_letter_spacing=&#8221;1px&#8221; text_line_height=&#8221;1.9em&#8221; header_font=&#8221;||||||||&#8221; header_text_align=&#8221;left&#8221; background_color=&#8221;rgba(255,255,255,0.66)&#8221; width=&#8221;100%&#8221; custom_margin=&#8221;|-51px|||false|false&#8221; custom_padding=&#8221;80px|20%|80px|50px|true|false&#8221; scroll_vertical_motion=&#8221;0|50|50|100|0.5|0|-0.5&#8243; custom_css_main_element=&#8221;height:100%;&#8221; global_colors_info=&#8221;{}&#8221;]<\/p>\n<p>De verschillende harmonie\u00ebn, verkregen door deze exclusieve composities, worden getest en ge\u00ebvalueerd in het laboratorium, dat zich in de parfumerie zelf bevindt. Nadat de top-, hart- en basisnoten zijn goedgekeurd, rusten de geuren een tijdje in de donkere koelte van de ondergrondse galerijen. Daarna gaan ze terug naar het atelier voor een vakkundig georkestreerde botteling. In de parfumerie zijn bijna 40 creaties te vinden: het resultaat van gedreven onderzoek, erkend vakmanschap en een volledig gecontroleerde productie.<\/p>\n<p>[\/et_pb_text][\/et_pb_column][\/et_pb_row][\/et_pb_section][et_pb_section fb_built=&#8221;1&#8243; module_id=&#8221;section-1&#8243; _builder_version=&#8221;4.16&#8243; _module_preset=&#8221;default&#8221; background_color=&#8221;#f2f2f2&#8243; custom_margin=&#8221;100px||||false|false&#8221; custom_padding=&#8221;0px||0px||false|false&#8221; global_colors_info=&#8221;{}&#8221;][et_pb_row _builder_version=&#8221;4.16&#8243; _module_preset=&#8221;default&#8221; custom_padding=&#8221;0px||0px|||&#8221; global_colors_info=&#8221;{}&#8221;][et_pb_column type=&#8221;4_4&#8243; _builder_version=&#8221;4.16&#8243; _module_preset=&#8221;default&#8221; global_colors_info=&#8221;{}&#8221;][et_pb_image src=&#8221;https:\/\/www.delforge.com\/wp-content\/uploads\/2020\/08\/citadelle-mod-crop.jpg&#8221; title_text=&#8221;citadelle-mod-crop&#8221; module_class=&#8221;delforge-view &#8221; _builder_version=&#8221;4.16&#8243; _module_preset=&#8221;default&#8221; custom_margin=&#8221;-20px||||false|false&#8221; global_colors_info=&#8221;{}&#8221; filter_saturate__hover_enabled=&#8221;on|hover&#8221; filter_saturate__hover=&#8221;100%&#8221;][\/et_pb_image][\/et_pb_column][\/et_pb_row][et_pb_row column_structure=&#8221;1_3,1_3,1_3&#8243; _builder_version=&#8221;4.16&#8243; _module_preset=&#8221;default&#8221; custom_margin=&#8221;90px|auto||auto|false|false&#8221; custom_padding=&#8221;0px|||||&#8221; global_colors_info=&#8221;{}&#8221;][et_pb_column type=&#8221;1_3&#8243; _builder_version=&#8221;4.16&#8243; _module_preset=&#8221;default&#8221; global_colors_info=&#8221;{}&#8221;][et_pb_text _builder_version=&#8221;4.16&#8243; _module_preset=&#8221;default&#8221; header_2_font=&#8221;||||||||&#8221; header_2_font_size=&#8221;22px&#8221; header_2_letter_spacing=&#8221;6px&#8221; header_2_line_height=&#8221;1.3em&#8221; header_4_font=&#8221;Alegreya Sans SC|||||on|||&#8221; header_4_text_color=&#8221;#484848&#8243; header_4_font_size=&#8221;26px&#8221; header_4_letter_spacing=&#8221;4px&#8221; header_4_line_height=&#8221;1.3em&#8221; custom_margin=&#8221;||15px||false|false&#8221; custom_padding=&#8221;||0px||false|false&#8221; global_colors_info=&#8221;{}&#8221;]<\/p>\n<h4 class=\"qw-title-underline\">Een geurlaboratorium in het hart van de Waalse hoofdstad<\/h4>\n<p>[\/et_pb_text][et_pb_text _builder_version=&#8221;4.16&#8243; _module_preset=&#8221;default&#8221; global_colors_info=&#8221;{}&#8221;][\/et_pb_text][\/et_pb_column][et_pb_column type=&#8221;1_3&#8243; _builder_version=&#8221;4.16&#8243; _module_preset=&#8221;default&#8221; global_colors_info=&#8221;{}&#8221;][et_pb_text _builder_version=&#8221;4.16&#8243; _module_preset=&#8221;default&#8221; text_font=&#8221;Alegreya Sans|300|||||||&#8221; text_text_color=&#8221;#323232&#8243; text_letter_spacing=&#8221;1px&#8221; text_line_height=&#8221;1.9em&#8221; global_colors_info=&#8221;{}&#8221;]<\/p>\n<p>Om zijn geuren een setting te geven waarin ze optimaal tot hun recht komen, nam Atelier Delforge zijn intrek op een historische locatie. In het hart van de Citadel van Namen, de Waalse hoofdstad, nam Maison Delforge een voormalig militair artillerielaboratorium over.<\/p>\n<p>[\/et_pb_text][\/et_pb_column][et_pb_column type=&#8221;1_3&#8243; _builder_version=&#8221;4.16&#8243; _module_preset=&#8221;default&#8221; global_colors_info=&#8221;{}&#8221;][et_pb_text _builder_version=&#8221;4.16&#8243; _module_preset=&#8221;default&#8221; text_font=&#8221;Alegreya Sans|300|||||||&#8221; text_text_color=&#8221;#323232&#8243; text_letter_spacing=&#8221;1px&#8221; text_line_height=&#8221;1.9em&#8221; global_colors_info=&#8221;{}&#8221;]<\/p>\n<p>Buskruit en kanonnen werden ingeruild voor een aantrekkelijker wapen, het parfum. De kelders van het Ch\u00e2teau des Comtes de Namur fungeren nu als een uitzonderlijk laboratorium waar tientallen geuren rijpen. De locatie is niet willekeurig gekozen. De parfumerie is direct verbonden met een netwerk van kazematten waar een constante temperatuur heerst, een belangrijke troef voor het ontwikkelen van parfums.<\/p>\n<p>[\/et_pb_text][\/et_pb_column][\/et_pb_row][et_pb_row column_structure=&#8221;1_2,1_2&#8243; module_class=&#8221;divi-s divi-s-3&#8243; _builder_version=&#8221;4.16&#8243; _module_preset=&#8221;default&#8221; width=&#8221;100%&#8221; max_width=&#8221;2560px&#8221; custom_margin=&#8221;100px||-50px||false|false&#8221; custom_padding=&#8221;0px|5%|0px|5%|false|false&#8221; global_colors_info=&#8221;{}&#8221;][et_pb_column type=&#8221;1_2&#8243; _builder_version=&#8221;4.16&#8243; _module_preset=&#8221;default&#8221; custom_padding=&#8221;||||false|false&#8221; global_colors_info=&#8221;{}&#8221;][et_pb_text module_class=&#8221;qw-offset-frame qw-offset-frame&#8211;left qw_no_shadow&#8221; _builder_version=&#8221;4.16&#8243; _module_preset=&#8221;default&#8221; text_font=&#8221;Alegreya Sans|300|||||||&#8221; text_text_color=&#8221;#323232&#8243; text_letter_spacing=&#8221;1px&#8221; text_line_height=&#8221;1.9em&#8221; header_font=&#8221;||||||||&#8221; header_text_align=&#8221;left&#8221; background_color=&#8221;rgba(51,51,51,0.06)&#8221; width=&#8221;100%&#8221; custom_margin=&#8221;||||false|false&#8221; custom_padding=&#8221;80px|20%|80px|50px|true|false&#8221; scroll_vertical_motion=&#8221;0|50|50|100|0.5|0|-0.5&#8243; custom_css_main_element=&#8221;height:100%;||display:flex;||flex-direction:column;||justify-content:center;&#8221; global_colors_info=&#8221;{}&#8221;]<\/p>\n<p>Deze olfactorische creaties, subtiele mengsels die voornamelijk bestaan uit etherische oli\u00ebn, gedragen zich als goede wijnen. Ze rijpen langzaam. In de galerijen uit de tijd van Karel V, afgesloten in grote glazen mandenflessen, krijgen de creaties van de Belgische parfumeur na verloop van tijd vorm. Op deze bijzondere plek krijgen ze ook de kans om zich ten volle te ontplooien.<\/p>\n<p>[\/et_pb_text][\/et_pb_column][et_pb_column type=&#8221;1_2&#8243; _builder_version=&#8221;4.16&#8243; _module_preset=&#8221;default&#8221; custom_css_main_element=&#8221;||&#8221; global_colors_info=&#8221;{}&#8221;][et_pb_image src=&#8221;https:\/\/www.delforge.com\/wp-content\/uploads\/2020\/10\/instruments-du-parfumeur.jpg&#8221; alt=&#8221;touries-murissant-dans-les-casemates&#8221; title_text=&#8221;instruments-du-parfumeur&#8221; _builder_version=&#8221;4.16&#8243; _module_preset=&#8221;default&#8221; width=&#8221;100%&#8221; custom_margin=&#8221;|||0px|false|false&#8221; custom_padding=&#8221;|||0px|false|false&#8221; filter_saturate=&#8221;0%&#8221; global_colors_info=&#8221;{}&#8221; filter_saturate__hover_enabled=&#8221;on|hover&#8221; filter_saturate__hover=&#8221;100%&#8221;][\/et_pb_image][\/et_pb_column][\/et_pb_row][\/et_pb_section][et_pb_section fb_built=&#8221;1&#8243; _builder_version=&#8221;4.16&#8243; _module_preset=&#8221;default&#8221; custom_padding=&#8221;150px||100px||false|false&#8221; global_colors_info=&#8221;{}&#8221;][et_pb_row column_structure=&#8221;1_2,1_2&#8243; make_equal=&#8221;on&#8221; _builder_version=&#8221;4.16&#8243; _module_preset=&#8221;default&#8221; width=&#8221;100%&#8221; max_width=&#8221;2560px&#8221; custom_padding=&#8221;|5%|0px|5%|false|false&#8221; global_colors_info=&#8221;{}&#8221;][et_pb_column type=&#8221;1_2&#8243; _builder_version=&#8221;4.16&#8243; _module_preset=&#8221;default&#8221; custom_css_main_element=&#8221;display:flex;||flex-direction:column;||justify-content:space-between;&#8221; global_colors_info=&#8221;{}&#8221;][et_pb_text _builder_version=&#8221;4.16&#8243; _module_preset=&#8221;default&#8221; header_2_font=&#8221;||||||||&#8221; header_2_font_size=&#8221;22px&#8221; header_2_letter_spacing=&#8221;6px&#8221; header_2_line_height=&#8221;1.3em&#8221; header_4_font=&#8221;Alegreya Sans SC|||||on|||&#8221; header_4_text_color=&#8221;#484848&#8243; header_4_font_size=&#8221;26px&#8221; header_4_letter_spacing=&#8221;4px&#8221; header_4_line_height=&#8221;1.3em&#8221; custom_margin=&#8221;|0px|0px||false|false&#8221; custom_padding=&#8221;|6px|0px||false|false&#8221; global_colors_info=&#8221;{}&#8221;]<\/p>\n<h4 class=\"qw-title-underline\">Een uitzonderlijk atelier in Belgi\u00eb ontworpen door een gerenommeerde parfumeur<\/h4>\n<p>[\/et_pb_text][\/et_pb_column][et_pb_column type=&#8221;1_2&#8243; _builder_version=&#8221;4.16&#8243; _module_preset=&#8221;default&#8221; global_colors_info=&#8221;{}&#8221;][\/et_pb_column][\/et_pb_row][et_pb_row column_structure=&#8221;1_2,1_2&#8243; module_class=&#8221;divi-s divi-s-4&#8243; _builder_version=&#8221;4.16&#8243; _module_preset=&#8221;default&#8221; width=&#8221;100%&#8221; max_width=&#8221;2650px&#8221; custom_padding=&#8221;|5%||5%|false|false&#8221; global_colors_info=&#8221;{}&#8221;][et_pb_column type=&#8221;1_2&#8243; _builder_version=&#8221;4.16&#8243; _module_preset=&#8221;default&#8221; global_colors_info=&#8221;{}&#8221;][et_pb_image src=&#8221;https:\/\/www.delforge.com\/wp-content\/uploads\/2020\/09\/guy-et-charles.jpeg&#8221; title_text=&#8221;guy-et-charles&#8221; _builder_version=&#8221;4.16&#8243; _module_preset=&#8221;default&#8221; global_colors_info=&#8221;{}&#8221;][\/et_pb_image][\/et_pb_column][et_pb_column type=&#8221;1_2&#8243; _builder_version=&#8221;4.16&#8243; _module_preset=&#8221;default&#8221; global_colors_info=&#8221;{}&#8221;][et_pb_text _builder_version=&#8221;4.16&#8243; _module_preset=&#8221;default&#8221; text_font=&#8221;Alegreya Sans|300|||||||&#8221; text_text_color=&#8221;#323232&#8243; text_letter_spacing=&#8221;1px&#8221; text_line_height=&#8221;1.9em&#8221; header_font=&#8221;||||||||&#8221; header_text_align=&#8221;left&#8221; background_color=&#8221;rgba(255,255,255,0.66)&#8221; width=&#8221;100%&#8221; custom_margin=&#8221;|-51px|||false|false&#8221; custom_padding=&#8221;|20%||50px|true|false&#8221; scroll_vertical_motion=&#8221;0|50|50|100|0.5|0|-0.5&#8243; custom_css_main_element=&#8221;height:100%;||display:flex;||flex-direction:column;||justify-content:center;&#8221; global_colors_info=&#8221;{}&#8221;]<\/p>\n<p>Ons bedrijf is de creatie van een echte liefhebber, Guy Delforge, die een heel traject heeft afgelegd. Hij begon met parfums te werken op 28 februari 1986, de dag waarop hij een passie opvatte voor etherische oli\u00ebn. Het was liefde op het eerste gezicht, en hij maakte al snel zijn beroep van die passie.<\/p>\n<p>Het parfumatelier werd opgericht in het voormalige artillerielaboratorium, in de onmiddellijke nabijheid van het Ch\u00e2teau des Comtes, in het hart van de Citadel van Namen. In deze kazematten, die getuige waren van belangrijke momenten uit de geschiedenis, oefende de ambachtelijke parfumeur zijn neus. In de afgelopen dertig jaar heeft hij verschillende unieke geuren gecre\u00eberd. De traditie van de parfumproductie in het algemeen en die van Maison Delforge in het bijzonder worden binnen deze muren met trots in stand gehouden.<\/p>\n<p>[\/et_pb_text][\/et_pb_column][\/et_pb_row][\/et_pb_section]<\/p>\n","protected":false},"excerpt":{"rendered":"<p>In dit atelier, uniek in Belgi\u00eb, worden parfums ontworpen, gecre\u00eberd en geproduceerdHet atelier van de Parfumerie Delforge is een uitzonderlijke plek in Belgi\u00eb waar de verschillende fasen van de creatie tot de productie van een parfum zich voltrekken. Etherische oli\u00ebn van fruit, bloemen, hout en kruiden liggen er te wachten. Ons vakmanschap schuilt in het [&hellip;]<\/p>\n","protected":false},"author":1,"featured_media":0,"parent":0,"menu_order":0,"comment_status":"closed","ping_status":"closed","template":"","meta":{"_acf_changed":false,"_et_pb_use_builder":"on","_et_pb_old_content":"","_et_gb_content_width":"","footnotes":""},"class_list":["post-2381","page","type-page","status-publish","hentry"],"acf":[],"_links":{"self":[{"href":"https:\/\/www.delforge.com\/nl\/wp-json\/wp\/v2\/pages\/2381","targetHints":{"allow":["GET"]}}],"collection":[{"href":"https:\/\/www.delforge.com\/nl\/wp-json\/wp\/v2\/pages"}],"about":[{"href":"https:\/\/www.delforge.com\/nl\/wp-json\/wp\/v2\/types\/page"}],"author":[{"embeddable":true,"href":"https:\/\/www.delforge.com\/nl\/wp-json\/wp\/v2\/users\/1"}],"replies":[{"embeddable":true,"href":"https:\/\/www.delforge.com\/nl\/wp-json\/wp\/v2\/comments?post=2381"}],"version-history":[{"count":3,"href":"https:\/\/www.delforge.com\/nl\/wp-json\/wp\/v2\/pages\/2381\/revisions"}],"predecessor-version":[{"id":40464,"href":"https:\/\/www.delforge.com\/nl\/wp-json\/wp\/v2\/pages\/2381\/revisions\/40464"}],"wp:attachment":[{"href":"https:\/\/www.delforge.com\/nl\/wp-json\/wp\/v2\/media?parent=2381"}],"curies":[{"name":"wp","href":"https:\/\/api.w.org\/{rel}","templated":true}]}}