{"id":3079,"date":"2020-07-17T18:28:30","date_gmt":"2020-07-17T16:28:30","guid":{"rendered":"https:\/\/www.delforge.com\/parfums\/carre-blanc\/"},"modified":"2026-04-02T00:19:05","modified_gmt":"2026-04-01T22:19:05","slug":"carre-blanc","status":"publish","type":"product","link":"https:\/\/www.delforge.com\/de\/parfums\/carre-blanc\/","title":{"rendered":"Carr\u00e9 Blanc"},"content":{"rendered":"<p>Akkord mit floralen, w\u00fcrzigen und gr\u00fcnen Noten, komponiert unter anderem aus Neroli, Jasmin, Zeder, Ylang-Ylang und Patschuli.<br \/>\nSehr sch\u00f6ner raffinierter, eleganter, femininer Duft. Wurde in Paris und London mit zwei Goldmedaillen ausgezeichnet.<\/p>\n","protected":false},"excerpt":{"rendered":"<p>Chypre floral<\/p>\n","protected":false},"featured_media":27828,"template":"","meta":{"_acf_changed":false,"_et_pb_use_builder":"","_et_pb_old_content":"","_et_gb_content_width":""},"product_brand":[],"product_cat":[95],"product_tag":[],"class_list":{"0":"post-3079","1":"product","2":"type-product","3":"status-publish","4":"has-post-thumbnail","6":"product_cat-eaux-de-parfum-de","7":"pa_famille-blumig-fruchtig","8":"pa_famille-nach-ambra-duftend-orientalisch","9":"pa_famille-wurzig","10":"pa_intensite-stark","11":"pa_sexe-fur-ihn","12":"pa_sexe-fur-sie","14":"first","15":"instock","16":"taxable","17":"shipping-taxable","18":"purchasable","19":"product-type-variable","20":"has-default-attributes"},"acf":[],"_links":{"self":[{"href":"https:\/\/www.delforge.com\/de\/wp-json\/wp\/v2\/product\/3079","targetHints":{"allow":["GET"]}}],"collection":[{"href":"https:\/\/www.delforge.com\/de\/wp-json\/wp\/v2\/product"}],"about":[{"href":"https:\/\/www.delforge.com\/de\/wp-json\/wp\/v2\/types\/product"}],"wp:featuredmedia":[{"embeddable":true,"href":"https:\/\/www.delforge.com\/de\/wp-json\/wp\/v2\/media\/27828"}],"wp:attachment":[{"href":"https:\/\/www.delforge.com\/de\/wp-json\/wp\/v2\/media?parent=3079"}],"wp:term":[{"taxonomy":"product_brand","embeddable":true,"href":"https:\/\/www.delforge.com\/de\/wp-json\/wp\/v2\/product_brand?post=3079"},{"taxonomy":"product_cat","embeddable":true,"href":"https:\/\/www.delforge.com\/de\/wp-json\/wp\/v2\/product_cat?post=3079"},{"taxonomy":"product_tag","embeddable":true,"href":"https:\/\/www.delforge.com\/de\/wp-json\/wp\/v2\/product_tag?post=3079"}],"curies":[{"name":"wp","href":"https:\/\/api.w.org\/{rel}","templated":true}]}}