{"id":3044,"date":"2020-07-17T18:28:31","date_gmt":"2020-07-17T16:28:31","guid":{"rendered":"https:\/\/www.delforge.com\/parfums\/jardin-damour\/"},"modified":"2026-04-02T00:16:20","modified_gmt":"2026-04-01T22:16:20","slug":"jardin-damour","status":"publish","type":"product","link":"https:\/\/www.delforge.com\/de\/parfums\/jardin-damour\/","title":{"rendered":"Jardin d&#8217;Amour"},"content":{"rendered":"<p>Ein liebliches Parfum mit ausgepr\u00e4gter Pers\u00f6nlichkeit, in dem sich Jasmin, Mimose, Rose, rote Fr\u00fcchte und Ylang-Ylang mischen.<\/p>\n","protected":false},"excerpt":{"rendered":"<p>Blumig-orientalisch<\/p>\n","protected":false},"featured_media":29403,"template":"","meta":{"_acf_changed":false,"_et_pb_use_builder":"","_et_pb_old_content":"","_et_gb_content_width":""},"product_brand":[],"product_cat":[95],"product_tag":[],"class_list":{"0":"post-3044","1":"product","2":"type-product","3":"status-publish","4":"has-post-thumbnail","6":"product_cat-eaux-de-parfum-de","7":"pa_famille-blumig-fruchtig","8":"pa_famille-nach-ambra-duftend-orientalisch","9":"pa_intensite-masig","10":"pa_sexe-fur-sie","12":"first","13":"instock","14":"taxable","15":"shipping-taxable","16":"purchasable","17":"product-type-variable","18":"has-default-attributes"},"acf":[],"_links":{"self":[{"href":"https:\/\/www.delforge.com\/de\/wp-json\/wp\/v2\/product\/3044","targetHints":{"allow":["GET"]}}],"collection":[{"href":"https:\/\/www.delforge.com\/de\/wp-json\/wp\/v2\/product"}],"about":[{"href":"https:\/\/www.delforge.com\/de\/wp-json\/wp\/v2\/types\/product"}],"wp:featuredmedia":[{"embeddable":true,"href":"https:\/\/www.delforge.com\/de\/wp-json\/wp\/v2\/media\/29403"}],"wp:attachment":[{"href":"https:\/\/www.delforge.com\/de\/wp-json\/wp\/v2\/media?parent=3044"}],"wp:term":[{"taxonomy":"product_brand","embeddable":true,"href":"https:\/\/www.delforge.com\/de\/wp-json\/wp\/v2\/product_brand?post=3044"},{"taxonomy":"product_cat","embeddable":true,"href":"https:\/\/www.delforge.com\/de\/wp-json\/wp\/v2\/product_cat?post=3044"},{"taxonomy":"product_tag","embeddable":true,"href":"https:\/\/www.delforge.com\/de\/wp-json\/wp\/v2\/product_tag?post=3044"}],"curies":[{"name":"wp","href":"https:\/\/api.w.org\/{rel}","templated":true}]}}