{"id":2988,"date":"2020-07-17T18:28:46","date_gmt":"2020-07-17T16:28:46","guid":{"rendered":"https:\/\/www.delforge.com\/parfums\/royal-orient\/"},"modified":"2026-04-01T23:53:17","modified_gmt":"2026-04-01T21:53:17","slug":"royal-orient","status":"publish","type":"product","link":"https:\/\/www.delforge.com\/de\/parfums\/royal-orient\/","title":{"rendered":"Royal Orient"},"content":{"rendered":"<p>Die Atmosph\u00e4re eines umfriedeten Gartens mit D\u00fcften von Ambra, Jasmin und Orangenbl\u00fcten.<\/p>\n","protected":false},"excerpt":{"rendered":"<p>Ambrisch blumig holzig<\/p>\n","protected":false},"featured_media":29455,"template":"","meta":{"_acf_changed":false,"_et_pb_use_builder":"","_et_pb_old_content":"","_et_gb_content_width":""},"product_brand":[],"product_cat":[95],"product_tag":[],"class_list":{"0":"post-2988","1":"product","2":"type-product","3":"status-publish","4":"has-post-thumbnail","6":"product_cat-eaux-de-parfum-de","7":"pa_famille-holzig","8":"pa_famille-nach-ambra-duftend-orientalisch","9":"pa_famille-wurzig","10":"pa_intensite-stark","11":"pa_sexe-fur-ihn","12":"pa_sexe-fur-sie","14":"first","15":"instock","16":"taxable","17":"shipping-taxable","18":"purchasable","19":"product-type-variable","20":"has-default-attributes"},"acf":[],"_links":{"self":[{"href":"https:\/\/www.delforge.com\/de\/wp-json\/wp\/v2\/product\/2988","targetHints":{"allow":["GET"]}}],"collection":[{"href":"https:\/\/www.delforge.com\/de\/wp-json\/wp\/v2\/product"}],"about":[{"href":"https:\/\/www.delforge.com\/de\/wp-json\/wp\/v2\/types\/product"}],"wp:featuredmedia":[{"embeddable":true,"href":"https:\/\/www.delforge.com\/de\/wp-json\/wp\/v2\/media\/29455"}],"wp:attachment":[{"href":"https:\/\/www.delforge.com\/de\/wp-json\/wp\/v2\/media?parent=2988"}],"wp:term":[{"taxonomy":"product_brand","embeddable":true,"href":"https:\/\/www.delforge.com\/de\/wp-json\/wp\/v2\/product_brand?post=2988"},{"taxonomy":"product_cat","embeddable":true,"href":"https:\/\/www.delforge.com\/de\/wp-json\/wp\/v2\/product_cat?post=2988"},{"taxonomy":"product_tag","embeddable":true,"href":"https:\/\/www.delforge.com\/de\/wp-json\/wp\/v2\/product_tag?post=2988"}],"curies":[{"name":"wp","href":"https:\/\/api.w.org\/{rel}","templated":true}]}}