{"id":2883,"date":"2020-07-17T18:29:13","date_gmt":"2020-07-17T16:29:13","guid":{"rendered":"https:\/\/www.delforge.com\/parfums\/calin-secret\/"},"modified":"2026-04-01T22:59:22","modified_gmt":"2026-04-01T20:59:22","slug":"calin-secret","status":"publish","type":"product","link":"https:\/\/www.delforge.com\/de\/parfums\/calin-secret\/","title":{"rendered":"C\u00e2lin Secret"},"content":{"rendered":"<p>Reminiszenz an die Zeit des Jasmintees, mit einem Bouquet von Gei\u00dfblatt und Maigl\u00f6ckchen.<\/p>\n","protected":false},"excerpt":{"rendered":"<p>Blumiges Bouquet<\/p>\n","protected":false},"featured_media":29359,"template":"","meta":{"_acf_changed":false,"_et_pb_use_builder":"","_et_pb_old_content":"","_et_gb_content_width":""},"product_brand":[],"product_cat":[95],"product_tag":[],"class_list":{"0":"post-2883","1":"product","2":"type-product","3":"status-publish","4":"has-post-thumbnail","6":"product_cat-eaux-de-parfum-de","7":"pa_famille-blumig-fruchtig","8":"pa_famille-frisch","9":"pa_intensite-masig","10":"pa_sexe-fur-sie","12":"first","13":"instock","14":"taxable","15":"shipping-taxable","16":"purchasable","17":"product-type-variable","18":"has-default-attributes"},"acf":[],"_links":{"self":[{"href":"https:\/\/www.delforge.com\/de\/wp-json\/wp\/v2\/product\/2883","targetHints":{"allow":["GET"]}}],"collection":[{"href":"https:\/\/www.delforge.com\/de\/wp-json\/wp\/v2\/product"}],"about":[{"href":"https:\/\/www.delforge.com\/de\/wp-json\/wp\/v2\/types\/product"}],"wp:featuredmedia":[{"embeddable":true,"href":"https:\/\/www.delforge.com\/de\/wp-json\/wp\/v2\/media\/29359"}],"wp:attachment":[{"href":"https:\/\/www.delforge.com\/de\/wp-json\/wp\/v2\/media?parent=2883"}],"wp:term":[{"taxonomy":"product_brand","embeddable":true,"href":"https:\/\/www.delforge.com\/de\/wp-json\/wp\/v2\/product_brand?post=2883"},{"taxonomy":"product_cat","embeddable":true,"href":"https:\/\/www.delforge.com\/de\/wp-json\/wp\/v2\/product_cat?post=2883"},{"taxonomy":"product_tag","embeddable":true,"href":"https:\/\/www.delforge.com\/de\/wp-json\/wp\/v2\/product_tag?post=2883"}],"curies":[{"name":"wp","href":"https:\/\/api.w.org\/{rel}","templated":true}]}}