{"id":16045,"date":"2023-01-17T15:13:27","date_gmt":"2023-01-17T14:13:27","guid":{"rendered":"https:\/\/www.delforge.com\/parfums\/geschenkkarte\/"},"modified":"2026-04-01T21:17:34","modified_gmt":"2026-04-01T19:17:34","slug":"geschenkkarte","status":"publish","type":"product","link":"https:\/\/www.delforge.com\/de\/parfums\/geschenkkarte\/","title":{"rendered":"Geschenkkarte"},"content":{"rendered":"<p>Sicher zu gefallen ist jetzt m\u00f6glich, indem Sie eine Parfums Delforge Geschenkkarte anbieten. So geben Sie Ihrem Liebsten die M\u00f6glichkeit, eine au\u00dfergew\u00f6hnliche olfaktorische Entdeckung zu machen. Wir helfen ihm mit unserer professionellen Beratung bei der Auswahl unserer einzigartigen D\u00fcfte.<\/p>\n<p>Der Geschenkgutschein in Papierform wird per Post (portofrei) verschickt. Sie k\u00f6nnen es an Ihre Adresse erhalten, um es selbst anzubieten, oder es direkt an die gew\u00fcnschte Person senden. \u00c4ndern Sie dazu einfach die Lieferadresse beim Abschluss Ihrer Bestellung. Die Geschenkkarte ist 12 Monate g\u00fcltig und bei einem Einkauf mit einem geringeren Wert wird die Differenz nicht erstattet.<\/p>\n<h5>W\u00e4hlen Sie den Betrag:<\/h5>\n","protected":false},"excerpt":{"rendered":"<p>Zu gefallen, ohne Fehler zu machen!<\/p>\n","protected":false},"featured_media":16046,"template":"","meta":{"_acf_changed":false,"_et_pb_use_builder":"","_et_pb_old_content":"","_et_gb_content_width":""},"product_brand":[],"product_cat":[171],"product_tag":[],"class_list":{"0":"post-16045","1":"product","2":"type-product","3":"status-publish","4":"has-post-thumbnail","6":"product_cat-cartes-cadeaux","8":"first","9":"instock","10":"taxable","11":"shipping-taxable","12":"purchasable","13":"product-type-variable","14":"has-default-attributes"},"acf":[],"_links":{"self":[{"href":"https:\/\/www.delforge.com\/de\/wp-json\/wp\/v2\/product\/16045","targetHints":{"allow":["GET"]}}],"collection":[{"href":"https:\/\/www.delforge.com\/de\/wp-json\/wp\/v2\/product"}],"about":[{"href":"https:\/\/www.delforge.com\/de\/wp-json\/wp\/v2\/types\/product"}],"wp:featuredmedia":[{"embeddable":true,"href":"https:\/\/www.delforge.com\/de\/wp-json\/wp\/v2\/media\/16046"}],"wp:attachment":[{"href":"https:\/\/www.delforge.com\/de\/wp-json\/wp\/v2\/media?parent=16045"}],"wp:term":[{"taxonomy":"product_brand","embeddable":true,"href":"https:\/\/www.delforge.com\/de\/wp-json\/wp\/v2\/product_brand?post=16045"},{"taxonomy":"product_cat","embeddable":true,"href":"https:\/\/www.delforge.com\/de\/wp-json\/wp\/v2\/product_cat?post=16045"},{"taxonomy":"product_tag","embeddable":true,"href":"https:\/\/www.delforge.com\/de\/wp-json\/wp\/v2\/product_tag?post=16045"}],"curies":[{"name":"wp","href":"https:\/\/api.w.org\/{rel}","templated":true}]}}