{"id":2402,"date":"2020-11-12T11:04:01","date_gmt":"2020-11-12T10:04:01","guid":{"rendered":"https:\/\/www.delforge.com\/unser-haus\/"},"modified":"2026-03-01T14:23:46","modified_gmt":"2026-03-01T13:23:46","slug":"unser-haus","status":"publish","type":"page","link":"https:\/\/www.delforge.com\/de\/unser-haus\/","title":{"rendered":"Unser Haus"},"content":{"rendered":"<p>[et_pb_section fb_built=&#8220;1&#8243; fullwidth=&#8220;on&#8220; module_id=&#8220;qw-maison-header&#8220; module_class=&#8220;qw_90_page_with_header&#8220; _builder_version=&#8220;4.20.4&#8243; _module_preset=&#8220;default&#8220; background_image=&#8220;https:\/\/www.delforge.com\/wp-content\/uploads\/2026\/03\/facade_de_la_parfumerie.jpg&#8220; parallax=&#8220;on&#8220; parallax_method=&#8220;off&#8220; custom_margin=&#8220;||||false|false&#8220; custom_padding=&#8220;||||false|false&#8220; hover_enabled=&#8220;0&#8243; custom_css_main_element=&#8220;display: flex;||align-items: center;&#8220; global_colors_info=&#8220;{}&#8220; title_text=&#8220;facade_de_la_parfumerie&#8220; sticky_enabled=&#8220;0&#8243;][et_pb_fullwidth_header title=&#8220;unser haus&#8220; subhead=&#8220;Entdecken Sie die Welt von Guy Delforge&#8220; _builder_version=&#8220;4.16&#8243; _module_preset=&#8220;default&#8220; title_font=&#8220;||||||||&#8220; title_letter_spacing=&#8220;5px&#8220; subhead_font=&#8220;Alegreya Sans SC|300|||||||&#8220; subhead_font_size=&#8220;17px&#8220; subhead_letter_spacing=&#8220;2px&#8220; background_enable_color=&#8220;off&#8220; global_colors_info=&#8220;{}&#8220;][\/et_pb_fullwidth_header][\/et_pb_section][et_pb_section fb_built=&#8220;1&#8243; module_id=&#8220;section-2&#8243; _builder_version=&#8220;4.16&#8243; _module_preset=&#8220;default&#8220; module_alignment=&#8220;center&#8220; custom_margin=&#8220;|0px||0px|false|false&#8220; custom_padding=&#8220;100px|0px||0px|false|false&#8220; global_colors_info=&#8220;{}&#8220;][et_pb_row column_structure=&#8220;1_2,1_2&#8243; make_equal=&#8220;on&#8220; module_class=&#8220;divi-s divi-s-1&#8243; _builder_version=&#8220;4.16&#8243; _module_preset=&#8220;default&#8220; width=&#8220;100%&#8220; max_width=&#8220;2560px&#8220; custom_margin=&#8220;||||false|false&#8220; custom_padding=&#8220;||100px|5%|false|false&#8220; global_colors_info=&#8220;{}&#8220;][et_pb_column type=&#8220;1_2&#8243; _builder_version=&#8220;4.16&#8243; _module_preset=&#8220;default&#8220; global_colors_info=&#8220;{}&#8220;][et_pb_text _builder_version=&#8220;4.16&#8243; _module_preset=&#8220;default&#8220; header_2_font=&#8220;||||||||&#8220; header_2_font_size=&#8220;22px&#8220; header_2_letter_spacing=&#8220;6px&#8220; header_2_line_height=&#8220;1.3em&#8220; header_4_font=&#8220;Alegreya Sans SC|||||on|||&#8220; header_4_text_color=&#8220;#484848&#8243; header_4_font_size=&#8220;26px&#8220; header_4_letter_spacing=&#8220;4px&#8220; header_4_line_height=&#8220;1.3em&#8220; custom_margin=&#8220;||15px||false|false&#8220; custom_padding=&#8220;|50px|0px|30px|false|false&#8220; global_colors_info=&#8220;{}&#8220;]<\/p>\n<h4 class=\"qw-title-underline\">Eine in Belgien einzigartige Manufaktur, in der Parfums konzipiert, kreiert und hergestellt werden<\/h4>\n<p>[\/et_pb_text][et_pb_text _builder_version=&#8220;4.16&#8243; _module_preset=&#8220;default&#8220; text_font=&#8220;Alegreya Sans|300|||||||&#8220; text_text_color=&#8220;#323232&#8243; text_letter_spacing=&#8220;1px&#8220; text_line_height=&#8220;1.9em&#8220; header_font=&#8220;||||||||&#8220; header_text_align=&#8220;left&#8220; background_color=&#8220;rgba(0,0,0,0)&#8220; width=&#8220;100%&#8220; custom_margin=&#8220;||||false|false&#8220; custom_padding=&#8220;|10%||30px|true|false&#8220; scroll_vertical_motion=&#8220;0|50|50|100|0.5|0|-0.5&#8243; custom_css_main_element=&#8220;height:100%;&#8220; global_colors_info=&#8220;{}&#8220;]<\/p>\n<p>Die Parfum-Manufaktur Delforge ist ein au\u00dfergew\u00f6hnlicher Ort in Belgien, an dem die verschiedenen Phasen der Kreation und Herstellung eines Parfums Gestalt annehmen. \u00c4therische \u00d6le aus Fr\u00fcchten, Blumen, H\u00f6lzern und Gew\u00fcrzen lagern im Herzen der Manufaktur. Das ganze Know-how unseres Hauses liegt in der Subtilit\u00e4t der wohlgeh\u00fcteten Geheimnisse ihrer Verbindungen und Kombinationen.<\/p>\n<p>[\/et_pb_text][\/et_pb_column][et_pb_column type=&#8220;1_2&#8243; _builder_version=&#8220;4.16&#8243; _module_preset=&#8220;default&#8220; global_colors_info=&#8220;{}&#8220;][et_pb_image src=&#8220;https:\/\/www.delforge.com\/wp-content\/uploads\/2020\/10\/scelleuse-a-flacon.jpg&#8220; title_text=&#8220;scelleuse-a-flacon&#8220; _builder_version=&#8220;4.16&#8243; _module_preset=&#8220;default&#8220; global_colors_info=&#8220;{}&#8220;][\/et_pb_image][\/et_pb_column][\/et_pb_row][et_pb_row column_structure=&#8220;1_2,1_2&#8243; module_class=&#8220;divi-s divi-s-2&#8243; _builder_version=&#8220;4.16&#8243; _module_preset=&#8220;default&#8220; width=&#8220;100%&#8220; max_width=&#8220;2560px&#8220; custom_margin=&#8220;||||false|false&#8220; custom_padding=&#8220;|5%||5%|false|false&#8220; global_colors_info=&#8220;{}&#8220;][et_pb_column type=&#8220;1_2&#8243; _builder_version=&#8220;4.16&#8243; _module_preset=&#8220;default&#8220; global_colors_info=&#8220;{}&#8220;][et_pb_code _builder_version=&#8220;4.16&#8243; _module_preset=&#8220;default&#8220; global_colors_info=&#8220;{}&#8220;]<\/p>\n<div class=\"qw-gallery qw-gallery--maison\"><!-- [et_pb_line_break_holder] -->    <\/p>\n<figure class=\"qw-gallery__item qw-gallery__item--2\"><!-- [et_pb_line_break_holder] -->        <img decoding=\"async\" src=\"https:\/\/www.delforge.com\/wp-content\/uploads\/2020\/09\/touries-510x382.jpg\" alt=\"Gallery image 2\" class=\"qw-gallery__img\" loading=lazy><!-- [et_pb_line_break_holder] -->    <\/figure>\n<p><!-- [et_pb_line_break_holder] -->    <\/p>\n<figure class=\"qw-gallery__item qw-gallery__item--3\"><!-- [et_pb_line_break_holder] -->        <img decoding=\"async\" src=\"https:\/\/www.delforge.com\/wp-content\/uploads\/2020\/10\/amorce-des-parfums-510x382.jpg\" style=\"filter:grayscale(100%);\" alt=\"Gallery image 3\" class=\"qw-gallery__img\" loading=lazy><!-- [et_pb_line_break_holder] -->    <\/figure>\n<p><!-- [et_pb_line_break_holder] -->    <\/p>\n<figure class=\"qw-gallery__item qw-gallery__item--4\"><!-- [et_pb_line_break_holder] -->        <img decoding=\"async\" src=\"https:\/\/www.delforge.com\/wp-content\/uploads\/2020\/10\/remplissage-des-touries.jpg\"  alt=\"Gallery image 4\" class=\"qw-gallery__img\" loading=lazy><!-- [et_pb_line_break_holder] -->    <\/figure>\n<p><!-- [et_pb_line_break_holder] --><\/div>\n<p>[\/et_pb_code][\/et_pb_column][et_pb_column type=&#8220;1_2&#8243; _builder_version=&#8220;4.16&#8243; _module_preset=&#8220;default&#8220; global_colors_info=&#8220;{}&#8220;][et_pb_text module_class=&#8220;qw-offset-frame qw-offset-frame&#8211;left&#8220; _builder_version=&#8220;4.16&#8243; _module_preset=&#8220;default&#8220; text_font=&#8220;Alegreya Sans|300|||||||&#8220; text_text_color=&#8220;#323232&#8243; text_letter_spacing=&#8220;1px&#8220; text_line_height=&#8220;1.9em&#8220; header_font=&#8220;||||||||&#8220; header_text_align=&#8220;left&#8220; background_color=&#8220;rgba(255,255,255,0.66)&#8220; width=&#8220;100%&#8220; custom_margin=&#8220;|-51px|||false|false&#8220; custom_padding=&#8220;80px|20%|80px|50px|true|false&#8220; scroll_vertical_motion=&#8220;0|50|50|100|0.5|0|-0.5&#8243; custom_css_main_element=&#8220;height:100%;&#8220; global_colors_info=&#8220;{}&#8220;]<\/p>\n<p>Die unterschiedlichen Harmonien, die durch diese exklusiven Kompositionen entstehen, werden im Labor, das sich im Herzen der Parf\u00fcmerie befindet, getestet und beurteilt. Sobald Kopf-, Herz- und Basisnoten f\u00fcr gut befunden sind, ruhen die D\u00fcfte eine Zeit lang in der K\u00fchle und Dunkelheit der Kasematten. Anschlie\u00dfend kehren sie in die Manufaktur zur\u00fcck, um sachkundig abgef\u00fcllt zu werden. Die Parf\u00fcmerie beherbergt fast 40 Kreationen, die das Ergebnis leidenschaftlicher Forschung, eines anerkannten Know-hows und einer umfassend beherrschten Produktion sind.<\/p>\n<p>[\/et_pb_text][\/et_pb_column][\/et_pb_row][\/et_pb_section][et_pb_section fb_built=&#8220;1&#8243; module_id=&#8220;section-1&#8243; _builder_version=&#8220;4.16&#8243; _module_preset=&#8220;default&#8220; background_color=&#8220;#f2f2f2&#8243; custom_margin=&#8220;100px||||false|false&#8220; custom_padding=&#8220;0px||0px||false|false&#8220; global_colors_info=&#8220;{}&#8220;][et_pb_row _builder_version=&#8220;4.16&#8243; _module_preset=&#8220;default&#8220; custom_padding=&#8220;0px||0px|||&#8220; global_colors_info=&#8220;{}&#8220;][et_pb_column type=&#8220;4_4&#8243; _builder_version=&#8220;4.16&#8243; _module_preset=&#8220;default&#8220; global_colors_info=&#8220;{}&#8220;][et_pb_image src=&#8220;https:\/\/www.delforge.com\/wp-content\/uploads\/2020\/08\/citadelle-mod-crop.jpg&#8220; title_text=&#8220;citadelle-mod-crop&#8220; module_class=&#8220;delforge-view &#8220; _builder_version=&#8220;4.16&#8243; _module_preset=&#8220;default&#8220; custom_margin=&#8220;-20px||||false|false&#8220; global_colors_info=&#8220;{}&#8220; filter_saturate__hover_enabled=&#8220;on|hover&#8220; filter_saturate__hover=&#8220;100%&#8220;][\/et_pb_image][\/et_pb_column][\/et_pb_row][et_pb_row column_structure=&#8220;1_3,1_3,1_3&#8243; _builder_version=&#8220;4.16&#8243; _module_preset=&#8220;default&#8220; custom_margin=&#8220;90px|auto||auto|false|false&#8220; custom_padding=&#8220;0px|||||&#8220; global_colors_info=&#8220;{}&#8220;][et_pb_column type=&#8220;1_3&#8243; _builder_version=&#8220;4.16&#8243; _module_preset=&#8220;default&#8220; global_colors_info=&#8220;{}&#8220;][et_pb_text _builder_version=&#8220;4.16&#8243; _module_preset=&#8220;default&#8220; header_2_font=&#8220;||||||||&#8220; header_2_font_size=&#8220;22px&#8220; header_2_letter_spacing=&#8220;6px&#8220; header_2_line_height=&#8220;1.3em&#8220; header_4_font=&#8220;Alegreya Sans SC|||||on|||&#8220; header_4_text_color=&#8220;#484848&#8243; header_4_font_size=&#8220;26px&#8220; header_4_letter_spacing=&#8220;4px&#8220; header_4_line_height=&#8220;1.3em&#8220; custom_margin=&#8220;||15px||false|false&#8220; custom_padding=&#8220;||0px||false|false&#8220; global_colors_info=&#8220;{}&#8220;]<\/p>\n<h4 class=\"qw-title-underline\">Ein Duftlabor im Herzen der wallonischen Hauptstadt<br \/>\n<\/h4>\n<p>[\/et_pb_text][et_pb_text _builder_version=&#8220;4.16&#8243; _module_preset=&#8220;default&#8220; global_colors_info=&#8220;{}&#8220;][\/et_pb_text][\/et_pb_column][et_pb_column type=&#8220;1_3&#8243; _builder_version=&#8220;4.16&#8243; _module_preset=&#8220;default&#8220; global_colors_info=&#8220;{}&#8220;][et_pb_text _builder_version=&#8220;4.16&#8243; _module_preset=&#8220;default&#8220; text_font=&#8220;Alegreya Sans|300|||||||&#8220; text_text_color=&#8220;#323232&#8243; text_letter_spacing=&#8220;1px&#8220; text_line_height=&#8220;1.9em&#8220; global_colors_info=&#8220;{}&#8220;]<\/p>\n<p>Um den Parfums einen Rahmen zu verleihen, in dem sie uneingeschr\u00e4nkt zur Geltung kommen, w\u00e4hlte die Manufaktur Delforge einen geschichtstr\u00e4chtigen Ort. Im Herzen der Zitadelle von Namur, der wallonischen Hauptstadt, bezog das Haus Delforge die R\u00e4ume einer ehemaligen Artillerie-Versuchsanstalt.<\/p>\n<p>[\/et_pb_text][\/et_pb_column][et_pb_column type=&#8220;1_3&#8243; _builder_version=&#8220;4.16&#8243; _module_preset=&#8220;default&#8220; global_colors_info=&#8220;{}&#8220;][et_pb_text _builder_version=&#8220;4.16&#8243; _module_preset=&#8220;default&#8220; text_font=&#8220;Alegreya Sans|300|||||||&#8220; text_text_color=&#8220;#323232&#8243; text_letter_spacing=&#8220;1px&#8220; text_line_height=&#8220;1.9em&#8220; global_colors_info=&#8220;{}&#8220;]<\/p>\n<p>Die Gew\u00f6lbe des Grafenschlosses von Namur dienen als au\u00dfergew\u00f6hnliches Laboratorium, wo Dutzende von D\u00fcften reifen und Pulver und Kanonen einer gewaltigeren Waffe wichen: dem Parfum. Der Standort wurde nicht zuf\u00e4llig gew\u00e4hlt. Die Parf\u00fcmerie hat direkten Zugang zu einem Netz von Kasematten mit konstanter Temperatur, ein nicht unerheblicher Vorteil bei der Herstellung von Parfums.<\/p>\n<p>[\/et_pb_text][\/et_pb_column][\/et_pb_row][et_pb_row column_structure=&#8220;1_2,1_2&#8243; module_class=&#8220;divi-s divi-s-3&#8243; _builder_version=&#8220;4.16&#8243; _module_preset=&#8220;default&#8220; width=&#8220;100%&#8220; max_width=&#8220;2560px&#8220; custom_margin=&#8220;100px||-50px||false|false&#8220; custom_padding=&#8220;0px|5%|0px|5%|false|false&#8220; global_colors_info=&#8220;{}&#8220;][et_pb_column type=&#8220;1_2&#8243; _builder_version=&#8220;4.16&#8243; _module_preset=&#8220;default&#8220; custom_padding=&#8220;||||false|false&#8220; global_colors_info=&#8220;{}&#8220;][et_pb_text module_class=&#8220;qw-offset-frame qw-offset-frame&#8211;left qw_no_shadow&#8220; _builder_version=&#8220;4.16&#8243; _module_preset=&#8220;default&#8220; text_font=&#8220;Alegreya Sans|300|||||||&#8220; text_text_color=&#8220;#323232&#8243; text_letter_spacing=&#8220;1px&#8220; text_line_height=&#8220;1.9em&#8220; header_font=&#8220;||||||||&#8220; header_text_align=&#8220;left&#8220; background_color=&#8220;rgba(51,51,51,0.06)&#8220; width=&#8220;100%&#8220; custom_margin=&#8220;||||false|false&#8220; custom_padding=&#8220;80px|20%|80px|50px|true|false&#8220; scroll_vertical_motion=&#8220;0|50|50|100|0.5|0|-0.5&#8243; custom_css_main_element=&#8220;height:100%;||display:flex;||flex-direction:column;||justify-content:center;&#8220; global_colors_info=&#8220;{}&#8220;]<\/p>\n<p>Diese Duftkreationen aus subtilen Mischungen, die haupts\u00e4chlich aus \u00e4therischen \u00d6len bestehen, verhalten sich wie gute Weine. Sie reifen langsam. In den Galerien aus der Zeit Karls V. nehmen die Kreationen des belgischen Parf\u00fcmeurs, in gro\u00dfen Glasballons versiegelt, im Laufe der Zeit Gestalt an. An diesem ganz besonderen Ort haben sie Gelegenheit, ihr ganzes Potential zu entfalten.<\/p>\n<p>[\/et_pb_text][\/et_pb_column][et_pb_column type=&#8220;1_2&#8243; _builder_version=&#8220;4.16&#8243; _module_preset=&#8220;default&#8220; custom_css_main_element=&#8220;||&#8220; global_colors_info=&#8220;{}&#8220;][et_pb_image src=&#8220;https:\/\/www.delforge.com\/wp-content\/uploads\/2020\/10\/instruments-du-parfumeur.jpg&#8220; alt=&#8220;touries-murissant-dans-les-casemates&#8220; title_text=&#8220;instruments-du-parfumeur&#8220; _builder_version=&#8220;4.16&#8243; _module_preset=&#8220;default&#8220; width=&#8220;100%&#8220; custom_margin=&#8220;|||0px|false|false&#8220; custom_padding=&#8220;|||0px|false|false&#8220; filter_saturate=&#8220;0%&#8220; global_colors_info=&#8220;{}&#8220; filter_saturate__hover_enabled=&#8220;on|hover&#8220; filter_saturate__hover=&#8220;100%&#8220;][\/et_pb_image][\/et_pb_column][\/et_pb_row][\/et_pb_section][et_pb_section fb_built=&#8220;1&#8243; _builder_version=&#8220;4.16&#8243; _module_preset=&#8220;default&#8220; custom_padding=&#8220;150px||100px||false|false&#8220; global_colors_info=&#8220;{}&#8220;][et_pb_row column_structure=&#8220;1_2,1_2&#8243; make_equal=&#8220;on&#8220; _builder_version=&#8220;4.16&#8243; _module_preset=&#8220;default&#8220; width=&#8220;100%&#8220; max_width=&#8220;2560px&#8220; custom_padding=&#8220;|5%|0px|5%|false|false&#8220; global_colors_info=&#8220;{}&#8220;][et_pb_column type=&#8220;1_2&#8243; _builder_version=&#8220;4.16&#8243; _module_preset=&#8220;default&#8220; custom_css_main_element=&#8220;display:flex;||flex-direction:column;||justify-content:space-between;&#8220; global_colors_info=&#8220;{}&#8220;][et_pb_text _builder_version=&#8220;4.16&#8243; _module_preset=&#8220;default&#8220; header_2_font=&#8220;||||||||&#8220; header_2_font_size=&#8220;22px&#8220; header_2_letter_spacing=&#8220;6px&#8220; header_2_line_height=&#8220;1.3em&#8220; header_4_font=&#8220;Alegreya Sans SC|||||on|||&#8220; header_4_text_color=&#8220;#484848&#8243; header_4_font_size=&#8220;26px&#8220; header_4_letter_spacing=&#8220;4px&#8220; header_4_line_height=&#8220;1.3em&#8220; custom_margin=&#8220;|0px|0px||false|false&#8220; custom_padding=&#8220;|6px|0px||false|false&#8220; global_colors_info=&#8220;{}&#8220;]<\/p>\n<h4 class=\"qw-title-underline\">Eine au\u00dfergew\u00f6hnliche Manufaktur in Belgien, gegr\u00fcndet von einem renommierten Parf\u00fcmeur<\/h4>\n<p>[\/et_pb_text][\/et_pb_column][et_pb_column type=&#8220;1_2&#8243; _builder_version=&#8220;4.16&#8243; _module_preset=&#8220;default&#8220; global_colors_info=&#8220;{}&#8220;][\/et_pb_column][\/et_pb_row][et_pb_row column_structure=&#8220;1_2,1_2&#8243; module_class=&#8220;divi-s divi-s-4&#8243; _builder_version=&#8220;4.16&#8243; _module_preset=&#8220;default&#8220; width=&#8220;100%&#8220; max_width=&#8220;2650px&#8220; custom_padding=&#8220;|5%||5%|false|false&#8220; global_colors_info=&#8220;{}&#8220;][et_pb_column type=&#8220;1_2&#8243; _builder_version=&#8220;4.16&#8243; _module_preset=&#8220;default&#8220; global_colors_info=&#8220;{}&#8220;][et_pb_image src=&#8220;https:\/\/www.delforge.com\/wp-content\/uploads\/2020\/09\/guy-et-charles.jpeg&#8220; title_text=&#8220;guy-et-charles&#8220; _builder_version=&#8220;4.16&#8243; _module_preset=&#8220;default&#8220; global_colors_info=&#8220;{}&#8220;][\/et_pb_image][\/et_pb_column][et_pb_column type=&#8220;1_2&#8243; _builder_version=&#8220;4.16&#8243; _module_preset=&#8220;default&#8220; global_colors_info=&#8220;{}&#8220;][et_pb_text _builder_version=&#8220;4.16&#8243; _module_preset=&#8220;default&#8220; text_font=&#8220;Alegreya Sans|300|||||||&#8220; text_text_color=&#8220;#323232&#8243; text_letter_spacing=&#8220;1px&#8220; text_line_height=&#8220;1.9em&#8220; header_font=&#8220;||||||||&#8220; header_text_align=&#8220;left&#8220; background_color=&#8220;rgba(255,255,255,0.66)&#8220; width=&#8220;100%&#8220; custom_margin=&#8220;|-51px|||false|false&#8220; custom_padding=&#8220;|20%||50px|true|false&#8220; scroll_vertical_motion=&#8220;0|50|50|100|0.5|0|-0.5&#8243; custom_css_main_element=&#8220;height:100%;||display:flex;||flex-direction:column;||justify-content:center;&#8220; global_colors_info=&#8220;{}&#8220;]<\/p>\n<p>Unser Haus ist der Endpunkt des Weges eines wahren Enthusiasten: Guy Delforge. Seine Aktivit\u00e4t auf dem Gebiet der Parfumherstellung begann am 28. Februar 1986, dem Tag, an dem er sich in \u00e4therische \u00d6le verliebte. Dieser Schwarm entwickelte sich schnell sowohl zu einer Leidenschaft als auch zu einem Beruf.<\/p>\n<p>In der ehemaligen Artillerie-Versuchsanstalt, in unmittelbarer N\u00e4he des Grafenschlosses, im Herzen der Zitadelle von Namur, wurde die Parfum-Manufaktur eingerichtet. In diesen geschichtstr\u00e4chtigen Kasematten schulte der Parf\u00fcmeur seine Nase. Im Laufe der letzten drei\u00dfig Jahre schuf er mehrere einzigartige D\u00fcfte. Die Tradition der Parf\u00fcmerie im Allgemeinen und speziell die des Hauses Delforge im Besonderen werden in diesen Mauern voller Stolz hochgehalten.<\/p>\n<p>[\/et_pb_text][\/et_pb_column][\/et_pb_row][\/et_pb_section]<\/p>\n","protected":false},"excerpt":{"rendered":"<p>Eine in Belgien einzigartige Manufaktur, in der Parfums konzipiert, kreiert und hergestellt werdenDie Parfum-Manufaktur Delforge ist ein au\u00dfergew\u00f6hnlicher Ort in Belgien, an dem die verschiedenen Phasen der Kreation und Herstellung eines Parfums Gestalt annehmen. \u00c4therische \u00d6le aus Fr\u00fcchten, Blumen, H\u00f6lzern und Gew\u00fcrzen lagern im Herzen der Manufaktur. Das ganze Know-how unseres Hauses liegt in der [&hellip;]<\/p>\n","protected":false},"author":1,"featured_media":0,"parent":0,"menu_order":0,"comment_status":"closed","ping_status":"closed","template":"","meta":{"_acf_changed":false,"_et_pb_use_builder":"on","_et_pb_old_content":"","_et_gb_content_width":"","footnotes":""},"class_list":["post-2402","page","type-page","status-publish","hentry"],"acf":[],"_links":{"self":[{"href":"https:\/\/www.delforge.com\/de\/wp-json\/wp\/v2\/pages\/2402","targetHints":{"allow":["GET"]}}],"collection":[{"href":"https:\/\/www.delforge.com\/de\/wp-json\/wp\/v2\/pages"}],"about":[{"href":"https:\/\/www.delforge.com\/de\/wp-json\/wp\/v2\/types\/page"}],"author":[{"embeddable":true,"href":"https:\/\/www.delforge.com\/de\/wp-json\/wp\/v2\/users\/1"}],"replies":[{"embeddable":true,"href":"https:\/\/www.delforge.com\/de\/wp-json\/wp\/v2\/comments?post=2402"}],"version-history":[{"count":3,"href":"https:\/\/www.delforge.com\/de\/wp-json\/wp\/v2\/pages\/2402\/revisions"}],"predecessor-version":[{"id":40465,"href":"https:\/\/www.delforge.com\/de\/wp-json\/wp\/v2\/pages\/2402\/revisions\/40465"}],"wp:attachment":[{"href":"https:\/\/www.delforge.com\/de\/wp-json\/wp\/v2\/media?parent=2402"}],"curies":[{"name":"wp","href":"https:\/\/api.w.org\/{rel}","templated":true}]}}