{"id":2355,"date":"2020-11-12T09:28:30","date_gmt":"2020-11-12T08:28:30","guid":{"rendered":"https:\/\/www.delforge.com\/allgemeine-geschaeftsbedingungen\/"},"modified":"2020-11-12T09:28:31","modified_gmt":"2020-11-12T08:28:31","slug":"allgemeine-geschaeftsbedingungen","status":"publish","type":"page","link":"https:\/\/www.delforge.com\/de\/allgemeine-geschaeftsbedingungen\/","title":{"rendered":"Allgemeine Gesch\u00e4ftsbedingungen"},"content":{"rendered":"<p class=\"p-fcs\">Die Verkaufspreise sind nur als Hinweis angegeben und entsprechen der gesetzlichen Preisregelung. Die Preise sind stabil, k\u00f6nnen aber durch den Hersteller ohne Vormahnung ver\u00e4ndert werden. Lieferung, zwischen 5 und 15 Tagen innerhalb der EU, drei Wochen au\u00dferhalb der EU. Es werden alle Ma\u00dfnahmen getroffen, um die Lieferungsfristen einzuhalten. Auf keinen Fall sollte eine Lieferungsversp\u00e4tung Anlass zu einer Stornierung der Bestellung oder einer Geldbu\u00dfe sein.<\/p> \r\n\r\n<p class=\"p-fcs\">Die Produkte sind sorgf\u00e4ltig verpackt. Um eine lange Konservierung zu sichern, sollte die Ware in einem trockenen, lichtgesch\u00fctzten Raum, der eine Temperatur zwischen 15 und 18\u00b0C aufweist, aufbewahrt werden. Um die Reinheit und Hygiene unserer Produkte zu garantieren, werden sie weder zur\u00fcckgenommen noch umgetauscht. Dies entspricht der Fernverkaufsregelung. Unsere Produkte sind nur f\u00fcr den \u00e4u\u00dferlichen Gebrauch bestimmt. Jede Reklamation sollte innerhalb von 5 Werktagen nach Empfang der Waren erfolgen. In Anbetracht der Reglementierung des Distanzhandels, hat der Kunde das Recht, der AG Parfums de Namur, innerhalb von 14 Kalendertagen, beginnend ab dem auf die Lieferung folgenden Tag, mitzuteilen, dass er vom Kauf des Produkts zur\u00fccktritt, ohne anfallende Strafgeb\u00fchren und ohne Angabe des Motivs.<\/p>\r\n\r\n<p class=\"p-fcs\">Die AG Parfums de Namur wird dem R\u00fccktritt des Kunden nur stattgeben, wenn die Originalverpackung des Produktes unversehrt ist und wenn das Produkt unben\u00fctzt und unbesch\u00e4digt ist. Die Bekanntgabe des Kunden soll unbedingt per E-Mail an <a href=\"mailto:info@delforge.com\" class=\"obvious_link\">info@delforge.com<\/a>. In diesem Fall und unter der Bedingung, dass die vorerw\u00e4hnte Frist eingehalten wurde, wird AG Parfums de Namur in einer E-Mail die Genehmigung der R\u00fccksendung des Produkts best\u00e4tigen. Die R\u00fccksendung hat unter denselben Sicherheitsbedingungen wie ein Einschreiben und ausschlie\u00dflich an: Parfums Guy Delforge, 60 Route Merveilleuse, 5000 Namur Belgien zu erfolgen.<\/p>\r\n\r\n<p class=\"p-fcs\">Im Falle der R\u00fccksendung obliegen die Portoauslagen immer dem Kunden. Die AG Parfums de Namur wird die Kosten auf das Bankkonto des Kunden r\u00fcckerstatten, dessen Daten (Kontoinhaber, IBAN) in der E-Mail mit der Bekanntgabe des R\u00fccktritts vom Kauf angegeben werden soll. Die Erstattung wird sp\u00e4testens innerhalb von 30 Tagen ab dem Tag des Eintreffens des unversehrt, originalverpackt und per Einschreiben retournierten Produkts erfolgen. Die Gerichte von Namur sind im Streitfall die einzig zust\u00e4ndigen. Jede Bestellung entspricht einer v\u00f6lligen und r\u00fcckhaltlosen Annahme der vorliegenden Verkaufsbedingungen.<\/p>\r\n","protected":false},"excerpt":{"rendered":"<p>Die Verkaufspreise sind nur als Hinweis angegeben und entsprechen der gesetzlichen Preisregelung. Die Preise sind stabil, k\u00f6nnen aber durch den Hersteller ohne Vormahnung ver\u00e4ndert werden. Lieferung, zwischen 5 und 15 Tagen innerhalb der EU, drei Wochen au\u00dferhalb der EU. Es werden alle Ma\u00dfnahmen getroffen, um die Lieferungsfristen einzuhalten. Auf keinen Fall sollte eine Lieferungsversp\u00e4tung Anlass [&hellip;]<\/p>\n","protected":false},"author":1,"featured_media":0,"parent":0,"menu_order":0,"comment_status":"closed","ping_status":"closed","template":"templates\/cart-template.php","meta":{"_acf_changed":false,"_et_pb_use_builder":"off","_et_pb_old_content":"","_et_gb_content_width":"","footnotes":""},"class_list":["post-2355","page","type-page","status-publish","hentry"],"acf":[],"_links":{"self":[{"href":"https:\/\/www.delforge.com\/de\/wp-json\/wp\/v2\/pages\/2355","targetHints":{"allow":["GET"]}}],"collection":[{"href":"https:\/\/www.delforge.com\/de\/wp-json\/wp\/v2\/pages"}],"about":[{"href":"https:\/\/www.delforge.com\/de\/wp-json\/wp\/v2\/types\/page"}],"author":[{"embeddable":true,"href":"https:\/\/www.delforge.com\/de\/wp-json\/wp\/v2\/users\/1"}],"replies":[{"embeddable":true,"href":"https:\/\/www.delforge.com\/de\/wp-json\/wp\/v2\/comments?post=2355"}],"version-history":[{"count":1,"href":"https:\/\/www.delforge.com\/de\/wp-json\/wp\/v2\/pages\/2355\/revisions"}],"predecessor-version":[{"id":2356,"href":"https:\/\/www.delforge.com\/de\/wp-json\/wp\/v2\/pages\/2355\/revisions\/2356"}],"wp:attachment":[{"href":"https:\/\/www.delforge.com\/de\/wp-json\/wp\/v2\/media?parent=2355"}],"curies":[{"name":"wp","href":"https:\/\/api.w.org\/{rel}","templated":true}]}}